{"id":96,"date":"2016-09-23T21:18:18","date_gmt":"2016-09-23T21:18:18","guid":{"rendered":"http:\/\/institutoasteco.com\/asteco\/?page_id=96"},"modified":"2016-09-23T21:21:47","modified_gmt":"2016-09-23T21:21:47","slug":"noticias","status":"publish","type":"page","link":"https:\/\/institutoasteco.com\/asteco\/noticias\/","title":{"rendered":"Noticias"},"content":{"rendered":"<div class=\"pt-cv-wrapper\"><div class=\"pt-cv-view pt-cv-grid pt-cv-colsys\" id=\"pt-cv-view-30f9f08m12\"><div data-id=\"pt-cv-page-1\" class=\"pt-cv-page\" data-cvc=\"3\"><div class=\"col-md-4 col-sm-6 col-xs-12 pt-cv-content-item pt-cv-1-col\" ><div class='pt-cv-ifield'><a href=\"https:\/\/institutoasteco.com\/asteco\/editorial-marzo-asteco-en-el-2026\/\" class=\"_self pt-cv-href-thumbnail pt-cv-thumb-default\" target=\"_self\" ><img decoding=\"async\" width=\"300\" height=\"128\" src=\"https:\/\/institutoasteco.com\/asteco\/wp-content\/uploads\/2026\/03\/EDITORIAL-MARZO-300x128.png\" class=\"pt-cv-thumbnail\" alt=\"\" srcset=\"https:\/\/institutoasteco.com\/asteco\/wp-content\/uploads\/2026\/03\/EDITORIAL-MARZO-300x128.png 300w, https:\/\/institutoasteco.com\/asteco\/wp-content\/uploads\/2026\/03\/EDITORIAL-MARZO-768x327.png 768w, https:\/\/institutoasteco.com\/asteco\/wp-content\/uploads\/2026\/03\/EDITORIAL-MARZO.png 870w\" sizes=\"(max-width: 300px) 100vw, 300px\" \/><\/a>\n<h4 class=\"pt-cv-title\"><a href=\"https:\/\/institutoasteco.com\/asteco\/editorial-marzo-asteco-en-el-2026\/\" class=\"_self\" target=\"_self\" >Editorial Marzo: ASTECO en el 2026<\/a><\/h4>\n<div class=\"pt-cv-content\">ASTECO EN EL 2026El 2025 fue un gran a\u00f1o para la compa\u00f1\u00eda.\u00a0Logramos sortear los retos que los movimientos culturales, industriales ...<br \/><div class=\"pt-cv-rmwrap\"><a href=\"https:\/\/institutoasteco.com\/asteco\/editorial-marzo-asteco-en-el-2026\/\" class=\"_self pt-cv-readmore btn btn-success\" target=\"_self\">Leer M\u00e1s<\/a><\/div><\/div><\/div><\/div>\n<div class=\"col-md-4 col-sm-6 col-xs-12 pt-cv-content-item pt-cv-1-col\" ><div class='pt-cv-ifield'><a href=\"https:\/\/institutoasteco.com\/asteco\/editorial-diciembre-instituto-asteco-2025\/\" class=\"_self pt-cv-href-thumbnail pt-cv-thumb-default\" target=\"_self\" ><img fetchpriority=\"high\" decoding=\"async\" width=\"300\" height=\"169\" src=\"https:\/\/institutoasteco.com\/asteco\/wp-content\/uploads\/2025\/12\/InstitutoAsteco-300x169.png\" class=\"pt-cv-thumbnail\" alt=\"\" srcset=\"https:\/\/institutoasteco.com\/asteco\/wp-content\/uploads\/2025\/12\/InstitutoAsteco-300x169.png 300w, https:\/\/institutoasteco.com\/asteco\/wp-content\/uploads\/2025\/12\/InstitutoAsteco-1024x576.png 1024w, https:\/\/institutoasteco.com\/asteco\/wp-content\/uploads\/2025\/12\/InstitutoAsteco-768x432.png 768w, https:\/\/institutoasteco.com\/asteco\/wp-content\/uploads\/2025\/12\/InstitutoAsteco.png 1280w\" sizes=\"(max-width: 300px) 100vw, 300px\" \/><\/a>\n<h4 class=\"pt-cv-title\"><a href=\"https:\/\/institutoasteco.com\/asteco\/editorial-diciembre-instituto-asteco-2025\/\" class=\"_self\" target=\"_self\" >Editorial Diciembre: INSTITUTO ASTECO 2025<\/a><\/h4>\n<div class=\"pt-cv-content\">INSTITUTO 2025El Instituto Asteco tiene un punto de vital importancia para nuestra compa\u00f1\u00eda. Desde su creaci\u00f3n, su precursor y el ...<br \/><div class=\"pt-cv-rmwrap\"><a href=\"https:\/\/institutoasteco.com\/asteco\/editorial-diciembre-instituto-asteco-2025\/\" class=\"_self pt-cv-readmore btn btn-success\" target=\"_self\">Leer M\u00e1s<\/a><\/div><\/div><\/div><\/div>\n<div class=\"col-md-4 col-sm-6 col-xs-12 pt-cv-content-item pt-cv-1-col\" ><div class='pt-cv-ifield'><a href=\"https:\/\/institutoasteco.com\/asteco\/erosion-y-la-cavitacion\/\" class=\"_self pt-cv-href-thumbnail pt-cv-thumb-default\" target=\"_self\" ><img decoding=\"async\" width=\"300\" height=\"225\" src=\"https:\/\/institutoasteco.com\/asteco\/wp-content\/uploads\/2025\/10\/ediEutec-300x225.png\" class=\"pt-cv-thumbnail\" alt=\"\" srcset=\"https:\/\/institutoasteco.com\/asteco\/wp-content\/uploads\/2025\/10\/ediEutec-300x225.png 300w, https:\/\/institutoasteco.com\/asteco\/wp-content\/uploads\/2025\/10\/ediEutec-768x576.png 768w, https:\/\/institutoasteco.com\/asteco\/wp-content\/uploads\/2025\/10\/ediEutec.png 956w\" sizes=\"(max-width: 300px) 100vw, 300px\" \/><\/a>\n<h4 class=\"pt-cv-title\"><a href=\"https:\/\/institutoasteco.com\/asteco\/erosion-y-la-cavitacion\/\" class=\"_self\" target=\"_self\" >EROSI\u00d3N Y LA CAVITACI\u00d3N<\/a><\/h4>\n<div class=\"pt-cv-content\">HABLEMOS DE LA EROS\u00d3N Y LA CAVITACI\u00d3NLos fen\u00f3menos de desgaste tienen una alta implicaci\u00f3n en los gastos energ\u00e9ticos y en ...<br \/><div class=\"pt-cv-rmwrap\"><a href=\"https:\/\/institutoasteco.com\/asteco\/erosion-y-la-cavitacion\/\" class=\"_self pt-cv-readmore btn btn-success\" target=\"_self\">Leer M\u00e1s<\/a><\/div><\/div><\/div><\/div>\n<div class=\"col-md-4 col-sm-6 col-xs-12 pt-cv-content-item pt-cv-1-col\" ><div class='pt-cv-ifield'><a href=\"https:\/\/institutoasteco.com\/asteco\/editorial-noviembre-mantenimiento-como-generador-de-valor-lean-maintenance\/\" class=\"_self pt-cv-href-thumbnail pt-cv-thumb-default\" target=\"_self\" ><img loading=\"lazy\" decoding=\"async\" width=\"300\" height=\"168\" src=\"https:\/\/institutoasteco.com\/asteco\/wp-content\/uploads\/2025\/10\/editorialnov-1-300x168.png\" class=\"pt-cv-thumbnail\" alt=\"\" srcset=\"https:\/\/institutoasteco.com\/asteco\/wp-content\/uploads\/2025\/10\/editorialnov-1-300x168.png 300w, https:\/\/institutoasteco.com\/asteco\/wp-content\/uploads\/2025\/10\/editorialnov-1-1024x574.png 1024w, https:\/\/institutoasteco.com\/asteco\/wp-content\/uploads\/2025\/10\/editorialnov-1-768x430.png 768w, https:\/\/institutoasteco.com\/asteco\/wp-content\/uploads\/2025\/10\/editorialnov-1.png 1280w\" sizes=\"(max-width: 300px) 100vw, 300px\" \/><\/a>\n<h4 class=\"pt-cv-title\"><a href=\"https:\/\/institutoasteco.com\/asteco\/editorial-noviembre-mantenimiento-como-generador-de-valor-lean-maintenance\/\" class=\"_self\" target=\"_self\" >Editorial Noviembre: Mantenimiento como generador de valor, Lean Maintenance<\/a><\/h4>\n<div class=\"pt-cv-content\">Mantenimiento como generador de valor, Lean MaintenanceSon muchas las estrategias de an\u00e1lisis y optimizaci\u00f3n de los procesos de mantenimiento, procesos ...<br \/><div class=\"pt-cv-rmwrap\"><a href=\"https:\/\/institutoasteco.com\/asteco\/editorial-noviembre-mantenimiento-como-generador-de-valor-lean-maintenance\/\" class=\"_self pt-cv-readmore btn btn-success\" target=\"_self\">Leer M\u00e1s<\/a><\/div><\/div><\/div><\/div>\n<div class=\"col-md-4 col-sm-6 col-xs-12 pt-cv-content-item pt-cv-1-col\" ><div class='pt-cv-ifield'><a href=\"https:\/\/institutoasteco.com\/asteco\/editorial-octubre-transferencia-de-calor-en-la-soldadura\/\" class=\"_self pt-cv-href-thumbnail pt-cv-thumb-default\" target=\"_self\" ><img loading=\"lazy\" decoding=\"async\" width=\"300\" height=\"168\" src=\"https:\/\/institutoasteco.com\/asteco\/wp-content\/uploads\/2025\/10\/ediOctubre-2-300x168.png\" class=\"pt-cv-thumbnail\" alt=\"\" srcset=\"https:\/\/institutoasteco.com\/asteco\/wp-content\/uploads\/2025\/10\/ediOctubre-2-300x168.png 300w, https:\/\/institutoasteco.com\/asteco\/wp-content\/uploads\/2025\/10\/ediOctubre-2-1024x574.png 1024w, https:\/\/institutoasteco.com\/asteco\/wp-content\/uploads\/2025\/10\/ediOctubre-2-768x430.png 768w, https:\/\/institutoasteco.com\/asteco\/wp-content\/uploads\/2025\/10\/ediOctubre-2.png 1280w\" sizes=\"(max-width: 300px) 100vw, 300px\" \/><\/a>\n<h4 class=\"pt-cv-title\"><a href=\"https:\/\/institutoasteco.com\/asteco\/editorial-octubre-transferencia-de-calor-en-la-soldadura\/\" class=\"_self\" target=\"_self\" >Editorial Octubre: Transferencia de calor en la soldadura.<\/a><\/h4>\n<div class=\"pt-cv-content\">Cuando hablamos de los procesos convencionales de soldadura, necesariamente debemos hablar de calor, siendo este el fen\u00f3meno m\u00e1s importante como ...<br \/><div class=\"pt-cv-rmwrap\"><a href=\"https:\/\/institutoasteco.com\/asteco\/editorial-octubre-transferencia-de-calor-en-la-soldadura\/\" class=\"_self pt-cv-readmore btn btn-success\" target=\"_self\">Leer M\u00e1s<\/a><\/div><\/div><\/div><\/div>\n<div class=\"col-md-4 col-sm-6 col-xs-12 pt-cv-content-item pt-cv-1-col\" ><div class='pt-cv-ifield'><a href=\"https:\/\/institutoasteco.com\/asteco\/editorial-septiempre-la-importancia-de-la-gestion-de-activos-en-el-mantenimiento-industrial\/\" class=\"_self pt-cv-href-thumbnail pt-cv-thumb-default\" target=\"_self\" ><img loading=\"lazy\" decoding=\"async\" width=\"300\" height=\"168\" src=\"https:\/\/institutoasteco.com\/asteco\/wp-content\/uploads\/2025\/09\/La-importancia-de-la-Gestion-de-Activos-en-el-Mantenimiento-Industrial-300x168.jpg\" class=\"pt-cv-thumbnail\" alt=\"\" srcset=\"https:\/\/institutoasteco.com\/asteco\/wp-content\/uploads\/2025\/09\/La-importancia-de-la-Gestion-de-Activos-en-el-Mantenimiento-Industrial-300x168.jpg 300w, https:\/\/institutoasteco.com\/asteco\/wp-content\/uploads\/2025\/09\/La-importancia-de-la-Gestion-de-Activos-en-el-Mantenimiento-Industrial-1024x574.jpg 1024w, https:\/\/institutoasteco.com\/asteco\/wp-content\/uploads\/2025\/09\/La-importancia-de-la-Gestion-de-Activos-en-el-Mantenimiento-Industrial-768x430.jpg 768w, https:\/\/institutoasteco.com\/asteco\/wp-content\/uploads\/2025\/09\/La-importancia-de-la-Gestion-de-Activos-en-el-Mantenimiento-Industrial.jpg 1280w\" sizes=\"(max-width: 300px) 100vw, 300px\" \/><\/a>\n<h4 class=\"pt-cv-title\"><a href=\"https:\/\/institutoasteco.com\/asteco\/editorial-septiempre-la-importancia-de-la-gestion-de-activos-en-el-mantenimiento-industrial\/\" class=\"_self\" target=\"_self\" >Editorial Septiempre: La importancia de la Gesti\u00f3n de Activos en el Mantenimiento Industrial.<\/a><\/h4>\n<div class=\"pt-cv-content\">En la actualidad, el\u00a0 mantenimiento industrial esta direccionado por las estrategias generadas en los an\u00e1lisis y estudios que implican la ...<br \/><div class=\"pt-cv-rmwrap\"><a href=\"https:\/\/institutoasteco.com\/asteco\/editorial-septiempre-la-importancia-de-la-gestion-de-activos-en-el-mantenimiento-industrial\/\" class=\"_self pt-cv-readmore btn btn-success\" target=\"_self\">Leer M\u00e1s<\/a><\/div><\/div><\/div><\/div>\n<div class=\"col-md-4 col-sm-6 col-xs-12 pt-cv-content-item pt-cv-1-col\" ><div class='pt-cv-ifield'><a href=\"https:\/\/institutoasteco.com\/asteco\/editorial-agosto-la-automatizacion-presente-y-futuro-de-la-industria-metalmecanica\/\" class=\"_self pt-cv-href-thumbnail pt-cv-thumb-default\" target=\"_self\" ><img loading=\"lazy\" decoding=\"async\" width=\"300\" height=\"200\" src=\"https:\/\/institutoasteco.com\/asteco\/wp-content\/uploads\/2025\/08\/BFMX-BLOG-28-1024x683-1-300x200.png\" class=\"pt-cv-thumbnail\" alt=\"\" srcset=\"https:\/\/institutoasteco.com\/asteco\/wp-content\/uploads\/2025\/08\/BFMX-BLOG-28-1024x683-1-300x200.png 300w, https:\/\/institutoasteco.com\/asteco\/wp-content\/uploads\/2025\/08\/BFMX-BLOG-28-1024x683-1-768x512.png 768w, https:\/\/institutoasteco.com\/asteco\/wp-content\/uploads\/2025\/08\/BFMX-BLOG-28-1024x683-1-270x180.png 270w, https:\/\/institutoasteco.com\/asteco\/wp-content\/uploads\/2025\/08\/BFMX-BLOG-28-1024x683-1.png 1024w\" sizes=\"(max-width: 300px) 100vw, 300px\" \/><\/a>\n<h4 class=\"pt-cv-title\"><a href=\"https:\/\/institutoasteco.com\/asteco\/editorial-agosto-la-automatizacion-presente-y-futuro-de-la-industria-metalmecanica\/\" class=\"_self\" target=\"_self\" >Editorial Agosto: La Automatizaci\u00f3n, presente y futuro de la industria metalmec\u00e1nica.<\/a><\/h4>\n<div class=\"pt-cv-content\">Hoy en d\u00eda todos los procesos productivos est\u00e1n pasando por una transformaci\u00f3n inevitable, una que busca aumentar en producci\u00f3n lo ...<br \/><div class=\"pt-cv-rmwrap\"><a href=\"https:\/\/institutoasteco.com\/asteco\/editorial-agosto-la-automatizacion-presente-y-futuro-de-la-industria-metalmecanica\/\" class=\"_self pt-cv-readmore btn btn-success\" target=\"_self\">Leer M\u00e1s<\/a><\/div><\/div><\/div><\/div>\n<div class=\"col-md-4 col-sm-6 col-xs-12 pt-cv-content-item pt-cv-1-col\" ><div class='pt-cv-ifield'><a href=\"https:\/\/institutoasteco.com\/asteco\/el-contexto-operacional-en-procesos-de-termorociado\/\" class=\"_self pt-cv-href-thumbnail pt-cv-thumb-default\" target=\"_self\" ><img loading=\"lazy\" decoding=\"async\" width=\"300\" height=\"150\" src=\"https:\/\/institutoasteco.com\/asteco\/wp-content\/uploads\/2025\/05\/Banner-articulo-mayo-300x150.png\" class=\"pt-cv-thumbnail\" alt=\"\" srcset=\"https:\/\/institutoasteco.com\/asteco\/wp-content\/uploads\/2025\/05\/Banner-articulo-mayo-300x150.png 300w, https:\/\/institutoasteco.com\/asteco\/wp-content\/uploads\/2025\/05\/Banner-articulo-mayo-1024x512.png 1024w, https:\/\/institutoasteco.com\/asteco\/wp-content\/uploads\/2025\/05\/Banner-articulo-mayo-768x384.png 768w, https:\/\/institutoasteco.com\/asteco\/wp-content\/uploads\/2025\/05\/Banner-articulo-mayo-1536x768.png 1536w, https:\/\/institutoasteco.com\/asteco\/wp-content\/uploads\/2025\/05\/Banner-articulo-mayo-2048x1024.png 2048w, https:\/\/institutoasteco.com\/asteco\/wp-content\/uploads\/2025\/05\/Banner-articulo-mayo-1320x660.png 1320w\" sizes=\"(max-width: 300px) 100vw, 300px\" \/><\/a>\n<h4 class=\"pt-cv-title\"><a href=\"https:\/\/institutoasteco.com\/asteco\/el-contexto-operacional-en-procesos-de-termorociado\/\" class=\"_self\" target=\"_self\" >EL CONTEXTO OPERACIONAL EN PROCESOS DE TERMOROCIADO<\/a><\/h4>\n<div class=\"pt-cv-content\">Los procesos de aplicaci\u00f3n de materiales, sea por el m\u00e9todo que sea, son procesos sin\u00e9rgicos, todas las variables tanto el\u00e9ctricas, ...<br \/><div class=\"pt-cv-rmwrap\"><a href=\"https:\/\/institutoasteco.com\/asteco\/el-contexto-operacional-en-procesos-de-termorociado\/\" class=\"_self pt-cv-readmore btn btn-success\" target=\"_self\">Leer M\u00e1s<\/a><\/div><\/div><\/div><\/div>\n<div class=\"col-md-4 col-sm-6 col-xs-12 pt-cv-content-item pt-cv-1-col\" ><div class='pt-cv-ifield'><a href=\"https:\/\/institutoasteco.com\/asteco\/asteco-ambiental\/\" class=\"_self pt-cv-href-thumbnail pt-cv-thumb-default\" target=\"_self\" ><img loading=\"lazy\" decoding=\"async\" width=\"300\" height=\"150\" src=\"https:\/\/institutoasteco.com\/asteco\/wp-content\/uploads\/2025\/05\/BANNER-BOLETIN-300x150.png\" class=\"pt-cv-thumbnail\" alt=\"\" srcset=\"https:\/\/institutoasteco.com\/asteco\/wp-content\/uploads\/2025\/05\/BANNER-BOLETIN-300x150.png 300w, https:\/\/institutoasteco.com\/asteco\/wp-content\/uploads\/2025\/05\/BANNER-BOLETIN-1024x512.png 1024w, https:\/\/institutoasteco.com\/asteco\/wp-content\/uploads\/2025\/05\/BANNER-BOLETIN-768x384.png 768w, https:\/\/institutoasteco.com\/asteco\/wp-content\/uploads\/2025\/05\/BANNER-BOLETIN-1536x768.png 1536w, https:\/\/institutoasteco.com\/asteco\/wp-content\/uploads\/2025\/05\/BANNER-BOLETIN-2048x1024.png 2048w, https:\/\/institutoasteco.com\/asteco\/wp-content\/uploads\/2025\/05\/BANNER-BOLETIN-1320x660.png 1320w\" sizes=\"(max-width: 300px) 100vw, 300px\" \/><\/a>\n<h4 class=\"pt-cv-title\"><a href=\"https:\/\/institutoasteco.com\/asteco\/asteco-ambiental\/\" class=\"_self\" target=\"_self\" >Asteco ambiental<\/a><\/h4>\n<div class=\"pt-cv-content\">Son muchos los esfuerzos que en la actualidad se hacen para generar armon\u00eda entre los procesos productivos y las nuevas ...<br \/><div class=\"pt-cv-rmwrap\"><a href=\"https:\/\/institutoasteco.com\/asteco\/asteco-ambiental\/\" class=\"_self pt-cv-readmore btn btn-success\" target=\"_self\">Leer M\u00e1s<\/a><\/div><\/div><\/div><\/div><\/div><\/div>\n<div class=\" pt-cv-pagination-wrapper\"><ul class=\"pt-cv-pagination pt-cv-ajax pagination\" data-totalpages=\"34\" data-currentpage=\"1\" data-sid=\"30f9f08m12\" data-unid=\"\" data-isblock=\"\" data-postid=\"\"><li class=\"active\"><a href=\"#\">1<\/a><\/li>\n\t<li ><a class=\"\" href=\"https:\/\/institutoasteco.com\/asteco\/wp-json\/wp\/v2\/pages\/96\/?_page=2\">2<\/a><\/li>\n\t<li ><a class=\"\" href=\"https:\/\/institutoasteco.com\/asteco\/wp-json\/wp\/v2\/pages\/96\/?_page=3\">3<\/a><\/li>\n\t<li ><a href=\"#\">&hellip;<\/a><\/li>\n\t<li ><a class=\"\" href=\"https:\/\/institutoasteco.com\/asteco\/wp-json\/wp\/v2\/pages\/96\/?_page=34\">34<\/a><\/li>\n\t<li ><a class=\" \" href=\"https:\/\/institutoasteco.com\/asteco\/wp-json\/wp\/v2\/pages\/96\/?_page=2\">&rsaquo;<\/a><\/li>\n\t<\/ul><img loading=\"lazy\" decoding=\"async\" width=\"15\" height=\"15\" class=\"pt-cv-spinner\" alt=\"Cargando...\" src=\"data:image\/gif;base64,R0lGODlhDwAPALMPAMrKygwMDJOTkz09PZWVla+vr3p6euTk5M7OzuXl5TMzMwAAAJmZmWZmZszMzP\/\/\/yH\/C05FVFNDQVBFMi4wAwEAAAAh+QQFCgAPACwAAAAADwAPAAAEQvDJaZaZOIcV8iQK8VRX4iTYoAwZ4iCYoAjZ4RxejhVNoT+mRGP4cyF4Pp0N98sBGIBMEMOotl6YZ3S61Bmbkm4mAgAh+QQFCgAPACwAAAAADQANAAAENPDJSRSZeA418itN8QiK8BiLITVsFiyBBIoYqnoewAD4xPw9iY4XLGYSjkQR4UAUD45DLwIAIfkEBQoADwAsAAAAAA8ACQAABC\/wyVlamTi3nSdgwFNdhEJgTJoNyoB9ISYoQmdjiZPcj7EYCAeCF1gEDo4Dz2eIAAAh+QQFCgAPACwCAAAADQANAAAEM\/DJBxiYeLKdX3IJZT1FU0iIg2RNKx3OkZVnZ98ToRD4MyiDnkAh6BkNC0MvsAj0kMpHBAAh+QQFCgAPACwGAAAACQAPAAAEMDC59KpFDll73HkAA2wVY5KgiK5b0RRoI6MuzG6EQqCDMlSGheEhUAgqgUUAFRySIgAh+QQFCgAPACwCAAIADQANAAAEM\/DJKZNLND\/kkKaHc3xk+QAMYDKsiaqmZCxGVjSFFCxB1vwy2oOgIDxuucxAMTAJFAJNBAAh+QQFCgAPACwAAAYADwAJAAAEMNAs86q1yaWwwv2Ig0jUZx3OYa4XoRAfwADXoAwfo1+CIjyFRuEho60aSNYlOPxEAAAh+QQFCgAPACwAAAIADQANAAAENPA9s4y8+IUVcqaWJ4qEQozSoAzoIyhCK2NFU2SJk0hNnyEOhKR2AzAAj4Pj4GE4W0bkJQIAOw==\" \/><div class=\"clear pt-cv-clear-pagination\"><\/div><\/div><\/div>\n","protected":false},"excerpt":{"rendered":"","protected":false},"author":1003,"featured_media":0,"parent":0,"menu_order":0,"comment_status":"closed","ping_status":"closed","template":"","meta":{"_eb_attr":"","om_disable_all_campaigns":false,"_monsterinsights_skip_tracking":false,"_monsterinsights_sitenote_active":false,"_monsterinsights_sitenote_note":"","_monsterinsights_sitenote_category":0,"footnotes":""},"class_list":["post-96","page","type-page","status-publish","hentry"],"aioseo_notices":[],"_links":{"self":[{"href":"https:\/\/institutoasteco.com\/asteco\/wp-json\/wp\/v2\/pages\/96","targetHints":{"allow":["GET"]}}],"collection":[{"href":"https:\/\/institutoasteco.com\/asteco\/wp-json\/wp\/v2\/pages"}],"about":[{"href":"https:\/\/institutoasteco.com\/asteco\/wp-json\/wp\/v2\/types\/page"}],"author":[{"embeddable":true,"href":"https:\/\/institutoasteco.com\/asteco\/wp-json\/wp\/v2\/users\/1003"}],"replies":[{"embeddable":true,"href":"https:\/\/institutoasteco.com\/asteco\/wp-json\/wp\/v2\/comments?post=96"}],"version-history":[{"count":2,"href":"https:\/\/institutoasteco.com\/asteco\/wp-json\/wp\/v2\/pages\/96\/revisions"}],"predecessor-version":[{"id":102,"href":"https:\/\/institutoasteco.com\/asteco\/wp-json\/wp\/v2\/pages\/96\/revisions\/102"}],"wp:attachment":[{"href":"https:\/\/institutoasteco.com\/asteco\/wp-json\/wp\/v2\/media?parent=96"}],"curies":[{"name":"wp","href":"https:\/\/api.w.org\/{rel}","templated":true}]}}