{"id":3785,"date":"2023-05-04T16:54:20","date_gmt":"2023-05-04T21:54:20","guid":{"rendered":"https:\/\/institutoasteco.com\/asteco\/?page_id=3785"},"modified":"2023-05-22T19:52:51","modified_gmt":"2023-05-23T00:52:51","slug":"quienes-somos-2","status":"publish","type":"page","link":"https:\/\/institutoasteco.com\/asteco\/quienes-somos-2\/","title":{"rendered":"\u00bfQui\u00e9nes somos?"},"content":{"rendered":"\t\t<div data-elementor-type=\"wp-page\" data-elementor-id=\"3785\" class=\"elementor elementor-3785\">\n\t\t\t\t\t\t<section class=\"has_eae_slider elementor-section elementor-top-section elementor-element elementor-element-21d38faa elementor-section-boxed elementor-section-height-default elementor-section-height-default\" data-id=\"21d38faa\" data-element_type=\"section\">\n\t\t\t\t\t\t<div class=\"elementor-container elementor-column-gap-default\">\n\t\t\t\t\t<div class=\"has_eae_slider elementor-column elementor-col-100 elementor-top-column elementor-element elementor-element-a9e7644\" data-id=\"a9e7644\" data-element_type=\"column\">\n\t\t\t<div class=\"elementor-widget-wrap elementor-element-populated\">\n\t\t\t\t\t\t<div class=\"elementor-element elementor-element-ccb3b1a elementor--h-position-center elementor--v-position-middle elementor-arrows-position-inside elementor-pagination-position-inside elementor-widget elementor-widget-slides\" data-id=\"ccb3b1a\" data-element_type=\"widget\" data-settings=\"{&quot;navigation&quot;:&quot;both&quot;,&quot;autoplay&quot;:&quot;yes&quot;,&quot;pause_on_hover&quot;:&quot;yes&quot;,&quot;pause_on_interaction&quot;:&quot;yes&quot;,&quot;autoplay_speed&quot;:5000,&quot;infinite&quot;:&quot;yes&quot;,&quot;transition&quot;:&quot;slide&quot;,&quot;transition_speed&quot;:500}\" data-widget_type=\"slides.default\">\n\t\t\t\t<div class=\"elementor-widget-container\">\n\t\t\t\t\t\t\t<div class=\"elementor-swiper\">\n\t\t\t<div class=\"elementor-slides-wrapper elementor-main-swiper swiper-container\" dir=\"ltr\" data-animation=\"fadeInUp\">\n\t\t\t\t<div class=\"swiper-wrapper elementor-slides\">\n\t\t\t\t\t<div class=\"elementor-repeater-item-a316531 swiper-slide\"><div class=\"swiper-slide-bg\"><\/div><div class=\"swiper-slide-inner\" ><div class=\"swiper-slide-contents\"><\/div><\/div><\/div>\t\t\t\t<\/div>\n\t\t\t\t\t\t\t<\/div>\n\t\t<\/div>\n\t\t\t\t\t\t<\/div>\n\t\t\t\t<\/div>\n\t\t\t\t<div class=\"elementor-element elementor-element-48841813 elementor-widget elementor-widget-text-editor\" data-id=\"48841813\" data-element_type=\"widget\" data-widget_type=\"text-editor.default\">\n\t\t\t\t<div class=\"elementor-widget-container\">\n\t\t\t\t\t\t\t\t\t<p><\/p>\n<p>Somos el \u00e1rea de capacitaci\u00f3n de la empresa <u><a href=\"http:\/\/WWW.asteco.com.co\">Asteco S.A.S<\/a><\/u>, que cuenta con m\u00e1s de 70 a\u00f1os de experiencia en la industria metalmec\u00e1nica. Nuestra misi\u00f3n es ofrecer capacitaci\u00f3n a personas interesadas en los temas afines a esta industria.<br \/>Ofrecemos cursos presenciales y cursos virtuales totalmente gratuitos con certificaci\u00f3n, fomentando el aprendizaje y convirti\u00e9ndonos en aliados de cientos de empresas a nivel local, nacional e internacional. Gracias a la oportuna asesor\u00eda y las m\u00faltiples posibilidades de aprendizaje para sus empleados y aprendices.<\/p>\n<p><\/p>\n<p><!-- \/wp:list --><\/p>\t\t\t\t\t\t\t\t<\/div>\n\t\t\t\t<\/div>\n\t\t\t\t\t<\/div>\n\t\t<\/div>\n\t\t\t\t\t<\/div>\n\t\t<\/section>\n\t\t\t\t<section class=\"has_eae_slider elementor-section elementor-top-section elementor-element elementor-element-4bcdade elementor-section-boxed elementor-section-height-default elementor-section-height-default\" data-id=\"4bcdade\" data-element_type=\"section\">\n\t\t\t\t\t\t<div class=\"elementor-container elementor-column-gap-default\">\n\t\t\t\t\t<div class=\"has_eae_slider elementor-column elementor-col-100 elementor-top-column elementor-element elementor-element-ba8e261\" data-id=\"ba8e261\" data-element_type=\"column\">\n\t\t\t<div class=\"elementor-widget-wrap elementor-element-populated\">\n\t\t\t\t\t\t<div class=\"elementor-element elementor-element-435d0c8 elementor-widget elementor-widget-text-editor\" data-id=\"435d0c8\" data-element_type=\"widget\" data-widget_type=\"text-editor.default\">\n\t\t\t\t<div class=\"elementor-widget-container\">\n\t\t\t\t\t\t\t\t\t<h3><b>FORMACI\u00d3N EN CURSOS TE\u00d3RICOS-PR\u00c1CTICOS EN SOLDADURA<\/b><\/h3>\t\t\t\t\t\t\t\t<\/div>\n\t\t\t\t<\/div>\n\t\t\t\t\t<\/div>\n\t\t<\/div>\n\t\t\t\t\t<\/div>\n\t\t<\/section>\n\t\t\t\t<section class=\"has_eae_slider elementor-section elementor-top-section elementor-element elementor-element-4071d19 elementor-section-boxed elementor-section-height-default elementor-section-height-default\" data-id=\"4071d19\" data-element_type=\"section\">\n\t\t\t\t\t\t<div class=\"elementor-container elementor-column-gap-default\">\n\t\t\t\t\t<div class=\"has_eae_slider elementor-column elementor-col-100 elementor-top-column elementor-element elementor-element-9404c7d\" data-id=\"9404c7d\" data-element_type=\"column\">\n\t\t\t<div class=\"elementor-widget-wrap elementor-element-populated\">\n\t\t\t\t\t\t<div class=\"elementor-element elementor-element-761b546 elementor-widget elementor-widget-text-editor\" data-id=\"761b546\" data-element_type=\"widget\" data-widget_type=\"text-editor.default\">\n\t\t\t\t<div class=\"elementor-widget-container\">\n\t\t\t\t\t\t\t\t\t<p><span style=\"color: #7a7a7a;\">\u2022Preparaci\u00f3n b\u00e1sica para soldadores<\/span><\/p>\n<p><span style=\"color: #7a7a7a;\"><b>\u2022<\/b>Planes de preparaci\u00f3n y clasificaci\u00f3n en niveles para soldadores<\/span><\/p>\n<p><span style=\"color: #7a7a7a;\"><b>\u2022<\/b>Capacitaci\u00f3n en generalidades de soldadura enfocados en Ingenieros, Inspectores y Supervisores<\/span><\/p>\n<p><span style=\"color: #7a7a7a;\"><b>\u2022<\/b>Charlas t\u00e9cnicas en metodolog\u00edas de soldadura (procedimientos, operaci\u00f3n, productividad y seguridad)<\/span><\/p>\n<p><span style=\"color: #7a7a7a;\"><b>\u2022<\/b>Cursos te\u00f3ricos preparatorios para certificaci\u00f3n en Ensayos no Destructivos (Visual y L\u00edquidos Penetrantes), bajo las recomendaciones de la ASNT- SNT-TC-1A<\/span><\/p>\n<ul>\n<li style=\"margin-left: 0cm; mso-list: l0 level1 lfo1;\">\u00a0<\/li>\n<\/ul>\t\t\t\t\t\t\t\t<\/div>\n\t\t\t\t<\/div>\n\t\t\t\t\t<\/div>\n\t\t<\/div>\n\t\t\t\t\t<\/div>\n\t\t<\/section>\n\t\t\t\t<section class=\"has_eae_slider elementor-section elementor-top-section elementor-element elementor-element-c4dfbe2 elementor-section-boxed elementor-section-height-default elementor-section-height-default\" data-id=\"c4dfbe2\" data-element_type=\"section\">\n\t\t\t\t\t\t<div class=\"elementor-container elementor-column-gap-default\">\n\t\t\t\t\t<div class=\"has_eae_slider elementor-column elementor-col-100 elementor-top-column elementor-element elementor-element-769e22f\" data-id=\"769e22f\" data-element_type=\"column\">\n\t\t\t<div class=\"elementor-widget-wrap elementor-element-populated\">\n\t\t\t\t\t\t<div class=\"elementor-element elementor-element-f8c9d09 elementor-widget elementor-widget-text-editor\" data-id=\"f8c9d09\" data-element_type=\"widget\" data-widget_type=\"text-editor.default\">\n\t\t\t\t<div class=\"elementor-widget-container\">\n\t\t\t\t\t\t\t\t\t<h3 style=\"text-align: center;\"><span style=\"font-weight: bold;\">SERVICIOS<\/span><\/h3>\t\t\t\t\t\t\t\t<\/div>\n\t\t\t\t<\/div>\n\t\t\t\t\t<\/div>\n\t\t<\/div>\n\t\t\t\t\t<\/div>\n\t\t<\/section>\n\t\t\t\t<section class=\"has_eae_slider elementor-section elementor-top-section elementor-element elementor-element-564166c elementor-section-boxed elementor-section-height-default elementor-section-height-default\" data-id=\"564166c\" data-element_type=\"section\">\n\t\t\t\t\t\t<div class=\"elementor-container elementor-column-gap-default\">\n\t\t\t\t\t<div class=\"has_eae_slider elementor-column elementor-col-100 elementor-top-column elementor-element elementor-element-cc50cd7\" data-id=\"cc50cd7\" data-element_type=\"column\">\n\t\t\t<div class=\"elementor-widget-wrap elementor-element-populated\">\n\t\t\t\t\t\t<div class=\"elementor-element elementor-element-798065b elementor-widget elementor-widget-text-editor\" data-id=\"798065b\" data-element_type=\"widget\" data-widget_type=\"text-editor.default\">\n\t\t\t\t<div class=\"elementor-widget-container\">\n\t\t\t\t\t\t\t\t\t<p><b>\u2022<\/b>Calificaci\u00f3n de Soldadores<\/p><p><b>\u2022<\/b>Elaboraci\u00f3n y calificaci\u00f3n de WPS<\/p><p><b>\u2022<\/b>Inspecci\u00f3n por Ensayos No Destructivos (VT, LP, MT, UT)<\/p><p><b>\u2022<\/b>Ensayo de laboratorios Destructivos y No Destructivos<\/p><p><b>\u2022<\/b>An\u00e1lisis de productividad y planes para la mejora de la misma en procesos de soldadura de mantenimiento<\/p><p><b>\u2022<\/b>An\u00e1lisis de falla de componentes metalmec\u00e1nicos para determinar funcionalidad o viabilidad<\/p><p><span style=\"font-weight: bold; color: #7a7a7a;\">\u2022<\/span>Asesor\u00eda t\u00e9cnica en actividades de soldadura de producci\u00f3n y mantenimiento<\/p>\t\t\t\t\t\t\t\t<\/div>\n\t\t\t\t<\/div>\n\t\t\t\t\t<\/div>\n\t\t<\/div>\n\t\t\t\t\t<\/div>\n\t\t<\/section>\n\t\t\t\t<section class=\"has_eae_slider elementor-section elementor-top-section elementor-element elementor-element-ae57427 elementor-section-boxed elementor-section-height-default elementor-section-height-default\" data-id=\"ae57427\" data-element_type=\"section\">\n\t\t\t\t\t\t<div class=\"elementor-container elementor-column-gap-default\">\n\t\t\t\t\t<div class=\"has_eae_slider elementor-column elementor-col-100 elementor-top-column elementor-element elementor-element-77fdf1b\" data-id=\"77fdf1b\" data-element_type=\"column\">\n\t\t\t<div class=\"elementor-widget-wrap elementor-element-populated\">\n\t\t\t\t\t\t<div class=\"elementor-element elementor-element-c9a6dd7 elementor-align-center elementor-widget elementor-widget-button\" data-id=\"c9a6dd7\" data-element_type=\"widget\" data-widget_type=\"button.default\">\n\t\t\t\t<div class=\"elementor-widget-container\">\n\t\t\t\t\t\t\t\t\t<div class=\"elementor-button-wrapper\">\n\t\t\t\t\t<a class=\"elementor-button elementor-button-link elementor-size-sm\" href=\"https:\/\/wa.link\/klf5os\">\n\t\t\t\t\t\t<span class=\"elementor-button-content-wrapper\">\n\t\t\t\t\t\t\t\t\t<span class=\"elementor-button-text\">M\u00e1s informaci\u00f3n<\/span>\n\t\t\t\t\t<\/span>\n\t\t\t\t\t<\/a>\n\t\t\t\t<\/div>\n\t\t\t\t\t\t\t\t<\/div>\n\t\t\t\t<\/div>\n\t\t\t\t\t<\/div>\n\t\t<\/div>\n\t\t\t\t\t<\/div>\n\t\t<\/section>\n\t\t\t\t<\/div>\n\t\t","protected":false},"excerpt":{"rendered":"<p>Somos el \u00e1rea de capacitaci\u00f3n de la empresa Asteco S.A.S, que cuenta con m\u00e1s de 70 a\u00f1os de experiencia en la industria metalmec\u00e1nica. Nuestra misi\u00f3n es ofrecer capacitaci\u00f3n a personas interesadas en los temas afines a esta industria.Ofrecemos cursos presenciales y cursos virtuales totalmente gratuitos con certificaci\u00f3n, fomentando el aprendizaje y convirti\u00e9ndonos en aliados de<\/p>\n","protected":false},"author":1003,"featured_media":0,"parent":0,"menu_order":0,"comment_status":"closed","ping_status":"closed","template":"","meta":{"_eb_attr":"","om_disable_all_campaigns":false,"_monsterinsights_skip_tracking":false,"_monsterinsights_sitenote_active":false,"_monsterinsights_sitenote_note":"","_monsterinsights_sitenote_category":0,"footnotes":""},"class_list":["post-3785","page","type-page","status-publish","hentry"],"aioseo_notices":[],"_links":{"self":[{"href":"https:\/\/institutoasteco.com\/asteco\/wp-json\/wp\/v2\/pages\/3785","targetHints":{"allow":["GET"]}}],"collection":[{"href":"https:\/\/institutoasteco.com\/asteco\/wp-json\/wp\/v2\/pages"}],"about":[{"href":"https:\/\/institutoasteco.com\/asteco\/wp-json\/wp\/v2\/types\/page"}],"author":[{"embeddable":true,"href":"https:\/\/institutoasteco.com\/asteco\/wp-json\/wp\/v2\/users\/1003"}],"replies":[{"embeddable":true,"href":"https:\/\/institutoasteco.com\/asteco\/wp-json\/wp\/v2\/comments?post=3785"}],"version-history":[{"count":20,"href":"https:\/\/institutoasteco.com\/asteco\/wp-json\/wp\/v2\/pages\/3785\/revisions"}],"predecessor-version":[{"id":3835,"href":"https:\/\/institutoasteco.com\/asteco\/wp-json\/wp\/v2\/pages\/3785\/revisions\/3835"}],"wp:attachment":[{"href":"https:\/\/institutoasteco.com\/asteco\/wp-json\/wp\/v2\/media?parent=3785"}],"curies":[{"name":"wp","href":"https:\/\/api.w.org\/{rel}","templated":true}]}}