{"id":2669,"date":"2021-03-31T12:15:43","date_gmt":"2021-03-31T17:15:43","guid":{"rendered":"https:\/\/institutoasteco.com\/asteco\/?page_id=2669"},"modified":"2021-03-31T12:27:16","modified_gmt":"2021-03-31T17:27:16","slug":"inoxidables-y-su-soldabilidad-abril-28-2021","status":"publish","type":"page","link":"https:\/\/institutoasteco.com\/asteco\/inoxidables-y-su-soldabilidad-abril-28-2021\/","title":{"rendered":"Inoxidables y su soldabilidad- abril 28 2021"},"content":{"rendered":"\t\t<div data-elementor-type=\"wp-post\" data-elementor-id=\"2669\" class=\"elementor elementor-2669 elementor-bc-flex-widget\">\n\t\t\t\t\t\t<section class=\"has_eae_slider elementor-section elementor-top-section elementor-element elementor-element-70f985c elementor-section-boxed elementor-section-height-default elementor-section-height-default\" data-id=\"70f985c\" data-element_type=\"section\">\n\t\t\t\t\t\t<div class=\"elementor-container elementor-column-gap-default\">\n\t\t\t\t\t<div class=\"has_eae_slider elementor-column elementor-col-100 elementor-top-column elementor-element elementor-element-8ef5d7e\" data-id=\"8ef5d7e\" data-element_type=\"column\">\n\t\t\t<div class=\"elementor-widget-wrap elementor-element-populated\">\n\t\t\t\t\t\t<div class=\"elementor-element elementor-element-66d2b60 elementor-widget elementor-widget-image\" data-id=\"66d2b60\" data-element_type=\"widget\" data-widget_type=\"image.default\">\n\t\t\t\t<div class=\"elementor-widget-container\">\n\t\t\t\t\t\t\t\t\t\t\t\t\t\t\t<img fetchpriority=\"high\" decoding=\"async\" width=\"870\" height=\"183\" src=\"https:\/\/institutoasteco.com\/asteco\/wp-content\/uploads\/2020\/07\/banner-asteco-02.jpg\" class=\"attachment-large size-large wp-image-2182\" alt=\"\" srcset=\"https:\/\/institutoasteco.com\/asteco\/wp-content\/uploads\/2020\/07\/banner-asteco-02.jpg 960w, https:\/\/institutoasteco.com\/asteco\/wp-content\/uploads\/2020\/07\/banner-asteco-02-300x63.jpg 300w, https:\/\/institutoasteco.com\/asteco\/wp-content\/uploads\/2020\/07\/banner-asteco-02-768x162.jpg 768w\" sizes=\"(max-width: 870px) 100vw, 870px\" \/>\t\t\t\t\t\t\t\t\t\t\t\t\t\t\t<\/div>\n\t\t\t\t<\/div>\n\t\t\t\t<div class=\"elementor-element elementor-element-e11d343 eael-contact-form-7-button-align-center eael-contact-form-7-button-custom elementor-widget elementor-widget-eael-contact-form-7\" data-id=\"e11d343\" data-element_type=\"widget\" data-widget_type=\"eael-contact-form-7.default\">\n\t\t\t\t<div class=\"elementor-widget-container\">\n\t\t\t\t\t<div class=\"eael-contact-form-7-wrapper\">\n                <div class=\"eael-contact-form eael-contact-form-7 eael-contact-form-e11d343 placeholder-show eael-custom-radio-checkbox eael-contact-form-align-center\"><div class=\"eael-contact-form-7-heading\"><h3 class=\"eael-contact-form-title eael-contact-form-7-title\">\n                                    Inoxidables y su soldabilidad - abril 28 2021\n                                <\/h3><\/div>\n<div class=\"wpcf7 no-js\" id=\"wpcf7-f2671-o1\" lang=\"es-ES\" dir=\"ltr\" data-wpcf7-id=\"2671\">\n<div class=\"screen-reader-response\"><p role=\"status\" aria-live=\"polite\" aria-atomic=\"true\"><\/p> <ul><\/ul><\/div>\n<form action=\"\/asteco\/wp-json\/wp\/v2\/pages\/2669#wpcf7-f2671-o1\" method=\"post\" class=\"wpcf7-form init\" aria-label=\"Formulario de contacto\" novalidate=\"novalidate\" data-status=\"init\">\n<div style=\"display: none;\">\n<input type=\"hidden\" name=\"_wpcf7\" value=\"2671\" \/>\n<input type=\"hidden\" name=\"_wpcf7_version\" value=\"6.0.3\" \/>\n<input type=\"hidden\" name=\"_wpcf7_locale\" value=\"es_ES\" \/>\n<input type=\"hidden\" name=\"_wpcf7_unit_tag\" value=\"wpcf7-f2671-o1\" \/>\n<input type=\"hidden\" name=\"_wpcf7_container_post\" value=\"0\" \/>\n<input type=\"hidden\" name=\"_wpcf7_posted_data_hash\" value=\"\" \/>\n<\/div>\n<p><span class=\"wpcf7-form-control-wrap\" data-name=\"nombre\"><input size=\"40\" maxlength=\"400\" class=\"wpcf7-form-control wpcf7-text wpcf7-validates-as-required\" aria-required=\"true\" aria-invalid=\"false\" placeholder=\"Nombre y apellido\" value=\"\" type=\"text\" name=\"nombre\" \/><\/span><br \/>\n<span class=\"wpcf7-form-control-wrap\" data-name=\"empresa\"><input size=\"40\" maxlength=\"400\" class=\"wpcf7-form-control wpcf7-text wpcf7-validates-as-required\" aria-required=\"true\" aria-invalid=\"false\" placeholder=\"Empresa\" value=\"\" type=\"text\" name=\"empresa\" \/><\/span><br \/>\n<span class=\"wpcf7-form-control-wrap\" data-name=\"email\"><input size=\"40\" maxlength=\"400\" class=\"wpcf7-form-control wpcf7-email wpcf7-validates-as-required wpcf7-text wpcf7-validates-as-email\" aria-required=\"true\" aria-invalid=\"false\" placeholder=\"Correo electr\u00f3nico\" value=\"\" type=\"email\" name=\"email\" \/><\/span><br \/>\n<span class=\"wpcf7-form-control-wrap\" data-name=\"telefono\"><input size=\"40\" maxlength=\"400\" class=\"wpcf7-form-control wpcf7-text\" aria-invalid=\"false\" placeholder=\"N\u00famero de contacto\" value=\"\" type=\"text\" name=\"telefono\" \/><\/span><br \/>\n<span class=\"wpcf7-form-control-wrap\" data-name=\"pais\"><input size=\"40\" maxlength=\"400\" class=\"wpcf7-form-control wpcf7-text\" aria-invalid=\"false\" placeholder=\"Pa\u00eds\" value=\"\" type=\"text\" name=\"pais\" \/><\/span><br \/>\n<span class=\"wpcf7-form-control-wrap\" data-name=\"ciudad\"><input size=\"40\" maxlength=\"400\" class=\"wpcf7-form-control wpcf7-text\" aria-invalid=\"false\" placeholder=\"Ciudad\" value=\"\" type=\"text\" name=\"ciudad\" \/><\/span>\n<\/p>\n<div align='center'>\n\t<p><span class=\"wpcf7-form-control-wrap\" data-name=\"Acepto\"><span class=\"wpcf7-form-control wpcf7-acceptance\"><span class=\"wpcf7-list-item\"><label><input type=\"checkbox\" name=\"Acepto\" value=\"1\" aria-invalid=\"false\" \/><span class=\"wpcf7-list-item-label\">Acepto <br> <br> Al diligenciar este formulario usted est\u00e1 aceptando las pol\u00edticas de uso y tratamiento de datos de Asteco S.A. <br><br> Asteco S.A. cumple con la pol\u00edtica de datos, de conformidad con lo definido por la Ley 1581 de 2012, el Decreto Reglamentario 1377 de 2013, el Decreto Municipal 1096 de 2018 y dem\u00e1s normas concordantes a trav\u00e9s de las cuales se establecen disposiciones generales en materia de h\u00e1beas data y se regula el tratamiento de la informaci\u00f3n que contenga datos personales. <br><br> La transmisi\u00f3n del evento ser\u00e1 grabada, al registrarse en \u00e9l usted autoriza a Asteco S.A. para que fije, reproduzca, adapte y comunique las im\u00e1genes (en fotograf\u00eda o v\u00eddeo) efectuadas en el desarrollo del evento, realizadas bajo cualquier soporte, f\u00edsico o digital, y a que se difundan p\u00fablicamente por cualquier medio, solo con fines institucionales, educativos, culturales o deportivos, dentro de los prop\u00f3sitos establecidos por Asteco S.A., sin restricci\u00f3n de plazo temporal ni espacial. Asteco S.A. no podr\u00e1 cederlo a terceros. Dicha cesi\u00f3n la realiza de manera gratuita, sin \u00e1nimo de recibir compensaci\u00f3n econ\u00f3mica alguna.<\/span><\/label><\/span><\/span><\/span>\n\t<\/p>\n<\/div>\n<p><input class=\"wpcf7-form-control wpcf7-submit has-spinner\" type=\"submit\" value=\"Enviar\" \/>\n<\/p><div class=\"wpcf7-response-output\" aria-hidden=\"true\"><\/div>\n<\/form>\n<\/div>\n<\/div>\n            <\/div>\t\t\t\t<\/div>\n\t\t\t\t<\/div>\n\t\t\t\t\t<\/div>\n\t\t<\/div>\n\t\t\t\t\t<\/div>\n\t\t<\/section>\n\t\t\t\t<\/div>\n\t\t","protected":false},"excerpt":{"rendered":"<p>Inoxidables y su soldabilidad &#8211; abril 28 2021 Acepto Al diligenciar este formulario usted est\u00e1 aceptando las pol\u00edticas de uso y tratamiento de datos de Asteco S.A. Asteco S.A. cumple con la pol\u00edtica de datos, de conformidad con lo definido por la Ley 1581 de 2012, el Decreto Reglamentario 1377 de 2013, el Decreto Municipal<\/p>\n","protected":false},"author":1003,"featured_media":0,"parent":0,"menu_order":0,"comment_status":"closed","ping_status":"closed","template":"elementor_canvas","meta":{"_eb_attr":"","om_disable_all_campaigns":false,"_monsterinsights_skip_tracking":false,"_monsterinsights_sitenote_active":false,"_monsterinsights_sitenote_note":"","_monsterinsights_sitenote_category":0,"footnotes":""},"class_list":["post-2669","page","type-page","status-publish","hentry"],"aioseo_notices":[],"_links":{"self":[{"href":"https:\/\/institutoasteco.com\/asteco\/wp-json\/wp\/v2\/pages\/2669","targetHints":{"allow":["GET"]}}],"collection":[{"href":"https:\/\/institutoasteco.com\/asteco\/wp-json\/wp\/v2\/pages"}],"about":[{"href":"https:\/\/institutoasteco.com\/asteco\/wp-json\/wp\/v2\/types\/page"}],"author":[{"embeddable":true,"href":"https:\/\/institutoasteco.com\/asteco\/wp-json\/wp\/v2\/users\/1003"}],"replies":[{"embeddable":true,"href":"https:\/\/institutoasteco.com\/asteco\/wp-json\/wp\/v2\/comments?post=2669"}],"version-history":[{"count":2,"href":"https:\/\/institutoasteco.com\/asteco\/wp-json\/wp\/v2\/pages\/2669\/revisions"}],"predecessor-version":[{"id":2674,"href":"https:\/\/institutoasteco.com\/asteco\/wp-json\/wp\/v2\/pages\/2669\/revisions\/2674"}],"wp:attachment":[{"href":"https:\/\/institutoasteco.com\/asteco\/wp-json\/wp\/v2\/media?parent=2669"}],"curies":[{"name":"wp","href":"https:\/\/api.w.org\/{rel}","templated":true}]}}