{"id":2179,"date":"2020-07-29T17:20:03","date_gmt":"2020-07-29T22:20:03","guid":{"rendered":"https:\/\/institutoasteco.com\/asteco\/?page_id=2179"},"modified":"2020-07-29T17:49:13","modified_gmt":"2020-07-29T22:49:13","slug":"formulario-contacto-boletin","status":"publish","type":"page","link":"https:\/\/institutoasteco.com\/asteco\/formulario-contacto-boletin\/","title":{"rendered":"Formulario Contacto Boletin"},"content":{"rendered":"\t\t<div data-elementor-type=\"wp-page\" data-elementor-id=\"2179\" class=\"elementor elementor-2179 elementor-bc-flex-widget\">\n\t\t\t\t\t\t<section class=\"has_eae_slider elementor-section elementor-top-section elementor-element elementor-element-cf74c3e elementor-section-boxed elementor-section-height-default elementor-section-height-default\" data-id=\"cf74c3e\" data-element_type=\"section\">\n\t\t\t\t\t\t<div class=\"elementor-container elementor-column-gap-default\">\n\t\t\t\t\t<div class=\"has_eae_slider elementor-column elementor-col-100 elementor-top-column elementor-element elementor-element-1602a46\" data-id=\"1602a46\" data-element_type=\"column\">\n\t\t\t<div class=\"elementor-widget-wrap elementor-element-populated\">\n\t\t\t\t\t\t<div class=\"elementor-element elementor-element-a9cae8e elementor-widget elementor-widget-image\" data-id=\"a9cae8e\" data-element_type=\"widget\" data-widget_type=\"image.default\">\n\t\t\t\t<div class=\"elementor-widget-container\">\n\t\t\t\t\t\t\t\t\t\t\t\t\t\t\t<img fetchpriority=\"high\" decoding=\"async\" width=\"870\" height=\"183\" src=\"https:\/\/institutoasteco.com\/asteco\/wp-content\/uploads\/2020\/07\/banner-asteco-02.jpg\" class=\"attachment-large size-large wp-image-2182\" alt=\"\" srcset=\"https:\/\/institutoasteco.com\/asteco\/wp-content\/uploads\/2020\/07\/banner-asteco-02.jpg 960w, https:\/\/institutoasteco.com\/asteco\/wp-content\/uploads\/2020\/07\/banner-asteco-02-300x63.jpg 300w, https:\/\/institutoasteco.com\/asteco\/wp-content\/uploads\/2020\/07\/banner-asteco-02-768x162.jpg 768w\" sizes=\"(max-width: 870px) 100vw, 870px\" \/>\t\t\t\t\t\t\t\t\t\t\t\t\t\t\t<\/div>\n\t\t\t\t<\/div>\n\t\t\t\t\t<\/div>\n\t\t<\/div>\n\t\t\t\t\t<\/div>\n\t\t<\/section>\n\t\t\t\t<section class=\"has_eae_slider elementor-section elementor-top-section elementor-element elementor-element-566a6e1 elementor-section-boxed elementor-section-height-default elementor-section-height-default\" data-id=\"566a6e1\" data-element_type=\"section\">\n\t\t\t\t\t\t<div class=\"elementor-container elementor-column-gap-default\">\n\t\t\t\t\t<div class=\"has_eae_slider elementor-column elementor-col-100 elementor-top-column elementor-element elementor-element-236d4c4\" data-id=\"236d4c4\" data-element_type=\"column\">\n\t\t\t<div class=\"elementor-widget-wrap elementor-element-populated\">\n\t\t\t\t\t\t<div class=\"elementor-element elementor-element-3728328 elementor-widget elementor-widget-wp-widget-wpforms-widget\" data-id=\"3728328\" data-element_type=\"widget\" data-widget_type=\"wp-widget-wpforms-widget.default\">\n\t\t\t\t<div class=\"elementor-widget-container\">\n\t\t\t\t\t<div class=\"wpforms-container wpforms-container-full\" id=\"wpforms-2185\"><form id=\"wpforms-form-2185\" class=\"wpforms-validate wpforms-form\" data-formid=\"2185\" method=\"post\" enctype=\"multipart\/form-data\" action=\"\/asteco\/wp-json\/wp\/v2\/pages\/2179\" data-token=\"82c38c7ca78a2ba4893f63dd7a370566\" data-token-time=\"1776549326\"><div class=\"wpforms-head-container\"><div class=\"wpforms-title\">Formulario de Inscripci\u00f3n<\/div><\/div><noscript class=\"wpforms-error-noscript\">Por favor, activa JavaScript en tu navegador para completar este formulario.<\/noscript><div class=\"wpforms-field-container\"><div id=\"wpforms-2185-field_1-container\" class=\"wpforms-field wpforms-field-select\" data-field-id=\"1\"><label class=\"wpforms-field-label\" for=\"wpforms-2185-field_1\">Selecciona el curso webinar al cual quisieras participar <span class=\"wpforms-required-label\">*<\/span><\/label><select id=\"wpforms-2185-field_1\" class=\"wpforms-field-large wpforms-field-required\" name=\"wpforms[fields][1]\" required=\"required\"><option value=\"Mantenimiento de Maquinaria de Movimiento de Tierra - 19 Agosto 2020\" >Mantenimiento de Maquinaria de Movimiento de Tierra - 19 Agosto 2020<\/option><option value=\"Aceros para Cuchillas Industriales - 26 Agosto 2020\" >Aceros para Cuchillas Industriales - 26 Agosto 2020<\/option><\/select><\/div><div id=\"wpforms-2185-field_2-container\" class=\"wpforms-field wpforms-field-text\" data-field-id=\"2\"><label class=\"wpforms-field-label wpforms-label-hide\" for=\"wpforms-2185-field_2\">Nombre y apellido <span class=\"wpforms-required-label\">*<\/span><\/label><input type=\"text\" id=\"wpforms-2185-field_2\" class=\"wpforms-field-large wpforms-field-required\" name=\"wpforms[fields][2]\" placeholder=\"Nombre y apellido\" required><\/div><div id=\"wpforms-2185-field_3-container\" class=\"wpforms-field wpforms-field-text\" data-field-id=\"3\"><label class=\"wpforms-field-label wpforms-label-hide\" for=\"wpforms-2185-field_3\">Empresa <span class=\"wpforms-required-label\">*<\/span><\/label><input type=\"text\" id=\"wpforms-2185-field_3\" class=\"wpforms-field-large wpforms-field-required\" name=\"wpforms[fields][3]\" placeholder=\"Empresa\" required><\/div><div id=\"wpforms-2185-field_4-container\" class=\"wpforms-field wpforms-field-email\" data-field-id=\"4\"><label class=\"wpforms-field-label wpforms-label-hide\" for=\"wpforms-2185-field_4\">Correo electr\u00f3nico <span class=\"wpforms-required-label\">*<\/span><\/label><input type=\"email\" id=\"wpforms-2185-field_4\" class=\"wpforms-field-large wpforms-field-required\" name=\"wpforms[fields][4]\" placeholder=\"Correo electr\u00f3nico\" spellcheck=\"false\" required><\/div><div id=\"wpforms-2185-field_5-container\" class=\"wpforms-field wpforms-field-text\" data-field-id=\"5\"><label class=\"wpforms-field-label wpforms-label-hide\" for=\"wpforms-2185-field_5\">N\u00famero de contacto <span class=\"wpforms-required-label\">*<\/span><\/label><input type=\"text\" id=\"wpforms-2185-field_5\" class=\"wpforms-field-large wpforms-field-required\" name=\"wpforms[fields][5]\" placeholder=\"N\u00famero de contacto\" required><\/div><div id=\"wpforms-2185-field_6-container\" class=\"wpforms-field wpforms-field-text\" data-field-id=\"6\"><label class=\"wpforms-field-label wpforms-label-hide\" for=\"wpforms-2185-field_6\">Pais <span class=\"wpforms-required-label\">*<\/span><\/label><input type=\"text\" id=\"wpforms-2185-field_6\" class=\"wpforms-field-large wpforms-field-required\" name=\"wpforms[fields][6]\" placeholder=\"Pa\u00eds\" required><\/div><div id=\"wpforms-2185-field_7-container\" class=\"wpforms-field wpforms-field-text\" data-field-id=\"7\"><label class=\"wpforms-field-label wpforms-label-hide\" for=\"wpforms-2185-field_7\">Ciudad <span class=\"wpforms-required-label\">*<\/span><\/label><input type=\"text\" id=\"wpforms-2185-field_7\" class=\"wpforms-field-large wpforms-field-required\" name=\"wpforms[fields][7]\" placeholder=\"Ciudad\" required><\/div><div id=\"wpforms-2185-field_9-container\" class=\"wpforms-field wpforms-field-checkbox\" data-field-id=\"9\"><label class=\"wpforms-field-label wpforms-label-hide\">Terminos <span class=\"wpforms-required-label\">*<\/span><\/label><ul id=\"wpforms-2185-field_9\" class=\"wpforms-field-required\"><li class=\"choice-5 depth-1\"><input type=\"checkbox\" id=\"wpforms-2185-field_9_5\" name=\"wpforms[fields][9][]\" value=\"Acepto\" required ><label class=\"wpforms-field-label-inline\" for=\"wpforms-2185-field_9_5\">Acepto <span class=\"wpforms-required-label\">*<\/span><\/label><\/li><\/ul><div class=\"wpforms-field-description wpforms-disclaimer-description\">Al diligenciar este formulario usted est\u00e1 aceptando las pol\u00edticas de uso y tratamiento de datos de Asteco S.A.<br \/>\r\n<br \/>\r\nAsteco S.A. cumple con la pol\u00edtica de datos, de conformidad con lo definido por la Ley 1581 de 2012, el Decreto Reglamentario 1377 de 2013, el Decreto Municipal 1096 de 2018 y dem\u00e1s normas concordantes a trav\u00e9s de las cuales se establecen disposiciones generales en materia de h\u00e1beas data y se regula el tratamiento de la informaci\u00f3n que contenga datos personales.<br \/>\r\n<br \/>\r\nLa transmisi\u00f3n del evento ser\u00e1 grabada, al registrarse en \u00e9l usted autoriza a Asteco S.A. para que fije, reproduzca, adapte y comunique las im\u00e1genes (en fotograf\u00eda o v\u00eddeo) efectuadas en el desarrollo del evento, realizadas bajo cualquier soporte, f\u00edsico o digital, y a que se difundan p\u00fablicamente por cualquier medio, solo con fines institucionales, educativos, culturales o deportivos, dentro de los prop\u00f3sitos establecidos por Asteco S.A., sin restricci\u00f3n de plazo temporal ni espacial. Asteco S.A. no podr\u00e1 cederlo a terceros. Dicha cesi\u00f3n la realiza de manera gratuita, sin \u00e1nimo de recibir compensaci\u00f3n econ\u00f3mica alguna.<\/div><\/div><\/div><!-- .wpforms-field-container --><div class=\"wpforms-field wpforms-field-hp\"><label for=\"wpforms-2185-field-hp\" class=\"wpforms-field-label\">Message<\/label><input type=\"text\" name=\"wpforms[hp]\" id=\"wpforms-2185-field-hp\" class=\"wpforms-field-medium\"><\/div><div class=\"wpforms-submit-container\" ><input type=\"hidden\" name=\"wpforms[id]\" value=\"2185\"><input type=\"hidden\" name=\"page_title\" value=\"\"><input type=\"hidden\" name=\"page_url\" value=\"https:\/\/institutoasteco.com\/asteco\/wp-json\/wp\/v2\/pages\/2179\"><button type=\"submit\" name=\"wpforms[submit]\" id=\"wpforms-submit-2185\" class=\"wpforms-submit\" data-alt-text=\"Enviando...\" data-submit-text=\"Enviar\" aria-live=\"assertive\" value=\"wpforms-submit\">Enviar<\/button><\/div><\/form><\/div>  <!-- .wpforms-container -->\t\t\t\t<\/div>\n\t\t\t\t<\/div>\n\t\t\t\t\t<\/div>\n\t\t<\/div>\n\t\t\t\t\t<\/div>\n\t\t<\/section>\n\t\t\t\t<\/div>\n\t\t","protected":false},"excerpt":{"rendered":"","protected":false},"author":1003,"featured_media":0,"parent":0,"menu_order":0,"comment_status":"closed","ping_status":"closed","template":"elementor_canvas","meta":{"_eb_attr":"","om_disable_all_campaigns":false,"_monsterinsights_skip_tracking":false,"_monsterinsights_sitenote_active":false,"_monsterinsights_sitenote_note":"","_monsterinsights_sitenote_category":0,"footnotes":""},"class_list":["post-2179","page","type-page","status-publish","hentry"],"aioseo_notices":[],"_links":{"self":[{"href":"https:\/\/institutoasteco.com\/asteco\/wp-json\/wp\/v2\/pages\/2179","targetHints":{"allow":["GET"]}}],"collection":[{"href":"https:\/\/institutoasteco.com\/asteco\/wp-json\/wp\/v2\/pages"}],"about":[{"href":"https:\/\/institutoasteco.com\/asteco\/wp-json\/wp\/v2\/types\/page"}],"author":[{"embeddable":true,"href":"https:\/\/institutoasteco.com\/asteco\/wp-json\/wp\/v2\/users\/1003"}],"replies":[{"embeddable":true,"href":"https:\/\/institutoasteco.com\/asteco\/wp-json\/wp\/v2\/comments?post=2179"}],"version-history":[{"count":7,"href":"https:\/\/institutoasteco.com\/asteco\/wp-json\/wp\/v2\/pages\/2179\/revisions"}],"predecessor-version":[{"id":2189,"href":"https:\/\/institutoasteco.com\/asteco\/wp-json\/wp\/v2\/pages\/2179\/revisions\/2189"}],"wp:attachment":[{"href":"https:\/\/institutoasteco.com\/asteco\/wp-json\/wp\/v2\/media?parent=2179"}],"curies":[{"name":"wp","href":"https:\/\/api.w.org\/{rel}","templated":true}]}}